{"id":254,"date":"2022-04-11T10:14:16","date_gmt":"2022-04-11T08:14:16","guid":{"rendered":"https:\/\/www.eqoot.com\/?page_id=254"},"modified":"2022-04-12T20:35:15","modified_gmt":"2022-04-12T18:35:15","slug":"modelisation-3d","status":"publish","type":"page","link":"https:\/\/www.eqoot.com\/index.php\/modelisation-3d\/","title":{"rendered":"Mod\u00e9lisation 3D"},"content":{"rendered":"\t\t<div data-elementor-type=\"wp-page\" data-elementor-id=\"254\" class=\"elementor elementor-254\">\n\t\t\t\t\t\t\t\t\t<section class=\"elementor-section elementor-top-section elementor-element elementor-element-9f4b683 elementor-section-boxed elementor-section-height-default elementor-section-height-default\" data-id=\"9f4b683\" data-element_type=\"section\">\n\t\t\t\t\t\t<div class=\"elementor-container elementor-column-gap-default\">\n\t\t\t\t\t<div class=\"elementor-column elementor-col-100 elementor-top-column elementor-element elementor-element-452bde2\" data-id=\"452bde2\" data-element_type=\"column\">\n\t\t\t<div class=\"elementor-widget-wrap elementor-element-populated\">\n\t\t\t\t\t\t\t\t<div class=\"elementor-element elementor-element-e94c4a6 elementor-widget elementor-widget-text-editor\" data-id=\"e94c4a6\" data-element_type=\"widget\" data-widget_type=\"text-editor.default\">\n\t\t\t\t<div class=\"elementor-widget-container\">\n\t\t\t<style>\/*! elementor - v3.6.1 - 23-03-2022 *\/\n.elementor-widget-text-editor.elementor-drop-cap-view-stacked .elementor-drop-cap{background-color:#818a91;color:#fff}.elementor-widget-text-editor.elementor-drop-cap-view-framed .elementor-drop-cap{color:#818a91;border:3px solid;background-color:transparent}.elementor-widget-text-editor:not(.elementor-drop-cap-view-default) .elementor-drop-cap{margin-top:8px}.elementor-widget-text-editor:not(.elementor-drop-cap-view-default) .elementor-drop-cap-letter{width:1em;height:1em}.elementor-widget-text-editor .elementor-drop-cap{float:left;text-align:center;line-height:1;font-size:50px}.elementor-widget-text-editor .elementor-drop-cap-letter{display:inline-block}<\/style>\t\t\t\t<p>R\u00e9alisation volumique de pi\u00e8ces 3D \u00e0 partir de :<\/p><ul><li>Fichiers<\/li><li>Mod\u00e8les physique<\/li><li>Plans<\/li><\/ul><p>au format souhait\u00e9 ( STEP , Parasolid, Autodesk Inventor , &#8230;. ) .<\/p><p>Modification de pi\u00e8ces existantes apr\u00e8s mod\u00e9lisation ou \u00e0 partir de fichier<\/p>\t\t\t\t\t\t<\/div>\n\t\t\t\t<\/div>\n\t\t\t\t\t<\/div>\n\t\t<\/div>\n\t\t\t\t\t\t\t<\/div>\n\t\t<\/section>\n\t\t\t\t<section class=\"elementor-section elementor-top-section elementor-element elementor-element-3821b3c elementor-section-boxed elementor-section-height-default elementor-section-height-default\" data-id=\"3821b3c\" data-element_type=\"section\">\n\t\t\t\t\t\t<div class=\"elementor-container elementor-column-gap-default\">\n\t\t\t\t\t<div class=\"elementor-column elementor-col-100 elementor-top-column elementor-element elementor-element-aedbe59\" data-id=\"aedbe59\" data-element_type=\"column\">\n\t\t\t<div class=\"elementor-widget-wrap elementor-element-populated\">\n\t\t\t\t\t\t\t\t<div class=\"elementor-element elementor-element-1062bd0 elementor-arrows-position-inside elementor-pagination-position-outside elementor-widget elementor-widget-image-carousel\" data-id=\"1062bd0\" data-element_type=\"widget\" data-settings=\"{&quot;image_spacing_custom&quot;:{&quot;unit&quot;:&quot;px&quot;,&quot;size&quot;:3,&quot;sizes&quot;:[]},&quot;navigation&quot;:&quot;both&quot;,&quot;autoplay&quot;:&quot;yes&quot;,&quot;pause_on_hover&quot;:&quot;yes&quot;,&quot;pause_on_interaction&quot;:&quot;yes&quot;,&quot;autoplay_speed&quot;:5000,&quot;infinite&quot;:&quot;yes&quot;,&quot;speed&quot;:500}\" data-widget_type=\"image-carousel.default\">\n\t\t\t\t<div class=\"elementor-widget-container\">\n\t\t\t<style>\/*! elementor - v3.6.1 - 23-03-2022 *\/\n.elementor-widget-image-carousel .swiper-container{position:static}.elementor-widget-image-carousel .swiper-container .swiper-slide figure{line-height:inherit}.elementor-widget-image-carousel .swiper-slide{text-align:center}.elementor-image-carousel-wrapper:not(.swiper-container-initialized) .swiper-slide{max-width:calc(100% \/ var(--e-image-carousel-slides-to-show, 3))}<\/style>\t\t<div class=\"elementor-image-carousel-wrapper swiper-container\" dir=\"ltr\">\n\t\t\t<div class=\"elementor-image-carousel swiper-wrapper\">\n\t\t\t\t\t\t\t\t<div class=\"swiper-slide\"><figure class=\"swiper-slide-inner\"><img class=\"swiper-slide-image\" src=\"https:\/\/www.eqoot.com\/wp-content\/uploads\/2022\/04\/support-xtoph-site-web.png\" alt=\"support xtoph site web\" \/><\/figure><\/div><div class=\"swiper-slide\"><figure class=\"swiper-slide-inner\"><img class=\"swiper-slide-image\" src=\"https:\/\/www.eqoot.com\/wp-content\/uploads\/2022\/04\/philou-ato-site-web.png\" alt=\"philou ato site web\" \/><\/figure><\/div><div class=\"swiper-slide\"><figure class=\"swiper-slide-inner\"><img class=\"swiper-slide-image\" src=\"https:\/\/www.eqoot.com\/wp-content\/uploads\/2022\/04\/xtoph-support-blender-bleu-02.png\" alt=\"xtoph support blender - bleu 02\" \/><\/figure><\/div><div class=\"swiper-slide\"><figure class=\"swiper-slide-inner\"><img class=\"swiper-slide-image\" src=\"https:\/\/www.eqoot.com\/wp-content\/uploads\/2022\/04\/philou-ato-05-atelier-copie-1.png\" alt=\"philou ato 05 atelier copie\" \/><\/figure><\/div>\t\t\t<\/div>\n\t\t\t\t\t\t\t\t\t\t\t\t<div class=\"swiper-pagination\"><\/div>\n\t\t\t\t\t\t\t\t\t\t\t\t\t<div class=\"elementor-swiper-button elementor-swiper-button-prev\">\n\t\t\t\t\t\t<i aria-hidden=\"true\" class=\"eicon-chevron-left\"><\/i>\t\t\t\t\t\t<span class=\"elementor-screen-only\">Pr\u00e9c\u00e9dent<\/span>\n\t\t\t\t\t<\/div>\n\t\t\t\t\t<div class=\"elementor-swiper-button elementor-swiper-button-next\">\n\t\t\t\t\t\t<i aria-hidden=\"true\" class=\"eicon-chevron-right\"><\/i>\t\t\t\t\t\t<span class=\"elementor-screen-only\">Suivant<\/span>\n\t\t\t\t\t<\/div>\n\t\t\t\t\t\t\t\t\t<\/div>\n\t\t\t\t<\/div>\n\t\t\t\t<\/div>\n\t\t\t\t\t<\/div>\n\t\t<\/div>\n\t\t\t\t\t\t\t<\/div>\n\t\t<\/section>\n\t\t\t\t\t\t\t<\/div>\n\t\t","protected":false},"excerpt":{"rendered":"<p>R\u00e9alisation volumique de pi\u00e8ces 3D \u00e0 partir de : Fichiers Mod\u00e8les physique Plans au format souhait\u00e9 ( STEP , Parasolid, Autodesk Inventor , &#8230;. ) . Modification de pi\u00e8ces existantes apr\u00e8s mod\u00e9lisation ou \u00e0 partir de fichier Pr\u00e9c\u00e9dent Suivant<\/p>\n","protected":false},"author":1,"featured_media":0,"parent":0,"menu_order":0,"comment_status":"closed","ping_status":"closed","template":"","meta":[],"yoast_head":"<!-- This site is optimized with the Yoast SEO plugin v18.4.1 - https:\/\/yoast.com\/wordpress\/plugins\/seo\/ -->\n<title>Mod\u00e9lisation 3D - Eqoot<\/title>\n<meta name=\"robots\" content=\"index, follow, max-snippet:-1, max-image-preview:large, max-video-preview:-1\" \/>\n<link rel=\"canonical\" href=\"https:\/\/www.eqoot.com\/index.php\/modelisation-3d\/\" \/>\n<meta property=\"og:locale\" content=\"fr_FR\" \/>\n<meta property=\"og:type\" content=\"article\" \/>\n<meta property=\"og:title\" content=\"Mod\u00e9lisation 3D - Eqoot\" \/>\n<meta property=\"og:description\" content=\"R\u00e9alisation volumique de pi\u00e8ces 3D \u00e0 partir de : Fichiers Mod\u00e8les physique Plans au format souhait\u00e9 ( STEP , Parasolid, Autodesk Inventor , &#8230;. ) . Modification de pi\u00e8ces existantes apr\u00e8s mod\u00e9lisation ou \u00e0 partir de fichier Pr\u00e9c\u00e9dent Suivant\" \/>\n<meta property=\"og:url\" content=\"https:\/\/www.eqoot.com\/index.php\/modelisation-3d\/\" \/>\n<meta property=\"og:site_name\" content=\"Eqoot\" \/>\n<meta property=\"article:modified_time\" content=\"2022-04-12T18:35:15+00:00\" \/>\n<meta property=\"og:image\" content=\"http:\/\/www.eqoot.com\/wp-content\/uploads\/elementor\/thumbs\/support-xtoph-site-web-pn8141nr5fkhjb75s4eavdkjy2rbxis0f8ddw3tmts.png\" \/>\n<meta name=\"twitter:card\" content=\"summary_large_image\" \/>\n<meta name=\"twitter:label1\" content=\"Dur\u00e9e de lecture estim\u00e9e\" \/>\n\t<meta name=\"twitter:data1\" content=\"3 minutes\" \/>\n<script type=\"application\/ld+json\" class=\"yoast-schema-graph\">{\"@context\":\"https:\/\/schema.org\",\"@graph\":[{\"@type\":\"WebSite\",\"@id\":\"https:\/\/www.eqoot.com\/#website\",\"url\":\"https:\/\/www.eqoot.com\/\",\"name\":\"Eqoot\",\"description\":\"\",\"potentialAction\":[{\"@type\":\"SearchAction\",\"target\":{\"@type\":\"EntryPoint\",\"urlTemplate\":\"https:\/\/www.eqoot.com\/?s={search_term_string}\"},\"query-input\":\"required name=search_term_string\"}],\"inLanguage\":\"fr-FR\"},{\"@type\":\"ImageObject\",\"@id\":\"https:\/\/www.eqoot.com\/index.php\/modelisation-3d\/#primaryimage\",\"inLanguage\":\"fr-FR\",\"url\":\"http:\/\/www.eqoot.com\/wp-content\/uploads\/elementor\/thumbs\/support-xtoph-site-web-pn8141nr5fkhjb75s4eavdkjy2rbxis0f8ddw3tmts.png\",\"contentUrl\":\"http:\/\/www.eqoot.com\/wp-content\/uploads\/elementor\/thumbs\/support-xtoph-site-web-pn8141nr5fkhjb75s4eavdkjy2rbxis0f8ddw3tmts.png\"},{\"@type\":\"WebPage\",\"@id\":\"https:\/\/www.eqoot.com\/index.php\/modelisation-3d\/#webpage\",\"url\":\"https:\/\/www.eqoot.com\/index.php\/modelisation-3d\/\",\"name\":\"Mod\u00e9lisation 3D - Eqoot\",\"isPartOf\":{\"@id\":\"https:\/\/www.eqoot.com\/#website\"},\"primaryImageOfPage\":{\"@id\":\"https:\/\/www.eqoot.com\/index.php\/modelisation-3d\/#primaryimage\"},\"datePublished\":\"2022-04-11T08:14:16+00:00\",\"dateModified\":\"2022-04-12T18:35:15+00:00\",\"breadcrumb\":{\"@id\":\"https:\/\/www.eqoot.com\/index.php\/modelisation-3d\/#breadcrumb\"},\"inLanguage\":\"fr-FR\",\"potentialAction\":[{\"@type\":\"ReadAction\",\"target\":[\"https:\/\/www.eqoot.com\/index.php\/modelisation-3d\/\"]}]},{\"@type\":\"BreadcrumbList\",\"@id\":\"https:\/\/www.eqoot.com\/index.php\/modelisation-3d\/#breadcrumb\",\"itemListElement\":[{\"@type\":\"ListItem\",\"position\":1,\"name\":\"Accueil\",\"item\":\"https:\/\/www.eqoot.com\/\"},{\"@type\":\"ListItem\",\"position\":2,\"name\":\"Mod\u00e9lisation 3D\"}]}]}<\/script>\n<!-- \/ Yoast SEO plugin. -->","yoast_head_json":{"title":"Mod\u00e9lisation 3D - Eqoot","robots":{"index":"index","follow":"follow","max-snippet":"max-snippet:-1","max-image-preview":"max-image-preview:large","max-video-preview":"max-video-preview:-1"},"canonical":"https:\/\/www.eqoot.com\/index.php\/modelisation-3d\/","og_locale":"fr_FR","og_type":"article","og_title":"Mod\u00e9lisation 3D - Eqoot","og_description":"R\u00e9alisation volumique de pi\u00e8ces 3D \u00e0 partir de : Fichiers Mod\u00e8les physique Plans au format souhait\u00e9 ( STEP , Parasolid, Autodesk Inventor , &#8230;. ) . Modification de pi\u00e8ces existantes apr\u00e8s mod\u00e9lisation ou \u00e0 partir de fichier Pr\u00e9c\u00e9dent Suivant","og_url":"https:\/\/www.eqoot.com\/index.php\/modelisation-3d\/","og_site_name":"Eqoot","article_modified_time":"2022-04-12T18:35:15+00:00","og_image":[{"url":"http:\/\/www.eqoot.com\/wp-content\/uploads\/elementor\/thumbs\/support-xtoph-site-web-pn8141nr5fkhjb75s4eavdkjy2rbxis0f8ddw3tmts.png"}],"twitter_card":"summary_large_image","twitter_misc":{"Dur\u00e9e de lecture estim\u00e9e":"3 minutes"},"schema":{"@context":"https:\/\/schema.org","@graph":[{"@type":"WebSite","@id":"https:\/\/www.eqoot.com\/#website","url":"https:\/\/www.eqoot.com\/","name":"Eqoot","description":"","potentialAction":[{"@type":"SearchAction","target":{"@type":"EntryPoint","urlTemplate":"https:\/\/www.eqoot.com\/?s={search_term_string}"},"query-input":"required name=search_term_string"}],"inLanguage":"fr-FR"},{"@type":"ImageObject","@id":"https:\/\/www.eqoot.com\/index.php\/modelisation-3d\/#primaryimage","inLanguage":"fr-FR","url":"http:\/\/www.eqoot.com\/wp-content\/uploads\/elementor\/thumbs\/support-xtoph-site-web-pn8141nr5fkhjb75s4eavdkjy2rbxis0f8ddw3tmts.png","contentUrl":"http:\/\/www.eqoot.com\/wp-content\/uploads\/elementor\/thumbs\/support-xtoph-site-web-pn8141nr5fkhjb75s4eavdkjy2rbxis0f8ddw3tmts.png"},{"@type":"WebPage","@id":"https:\/\/www.eqoot.com\/index.php\/modelisation-3d\/#webpage","url":"https:\/\/www.eqoot.com\/index.php\/modelisation-3d\/","name":"Mod\u00e9lisation 3D - Eqoot","isPartOf":{"@id":"https:\/\/www.eqoot.com\/#website"},"primaryImageOfPage":{"@id":"https:\/\/www.eqoot.com\/index.php\/modelisation-3d\/#primaryimage"},"datePublished":"2022-04-11T08:14:16+00:00","dateModified":"2022-04-12T18:35:15+00:00","breadcrumb":{"@id":"https:\/\/www.eqoot.com\/index.php\/modelisation-3d\/#breadcrumb"},"inLanguage":"fr-FR","potentialAction":[{"@type":"ReadAction","target":["https:\/\/www.eqoot.com\/index.php\/modelisation-3d\/"]}]},{"@type":"BreadcrumbList","@id":"https:\/\/www.eqoot.com\/index.php\/modelisation-3d\/#breadcrumb","itemListElement":[{"@type":"ListItem","position":1,"name":"Accueil","item":"https:\/\/www.eqoot.com\/"},{"@type":"ListItem","position":2,"name":"Mod\u00e9lisation 3D"}]}]}},"_links":{"self":[{"href":"https:\/\/www.eqoot.com\/index.php\/wp-json\/wp\/v2\/pages\/254"}],"collection":[{"href":"https:\/\/www.eqoot.com\/index.php\/wp-json\/wp\/v2\/pages"}],"about":[{"href":"https:\/\/www.eqoot.com\/index.php\/wp-json\/wp\/v2\/types\/page"}],"author":[{"embeddable":true,"href":"https:\/\/www.eqoot.com\/index.php\/wp-json\/wp\/v2\/users\/1"}],"replies":[{"embeddable":true,"href":"https:\/\/www.eqoot.com\/index.php\/wp-json\/wp\/v2\/comments?post=254"}],"version-history":[{"count":76,"href":"https:\/\/www.eqoot.com\/index.php\/wp-json\/wp\/v2\/pages\/254\/revisions"}],"predecessor-version":[{"id":374,"href":"https:\/\/www.eqoot.com\/index.php\/wp-json\/wp\/v2\/pages\/254\/revisions\/374"}],"wp:attachment":[{"href":"https:\/\/www.eqoot.com\/index.php\/wp-json\/wp\/v2\/media?parent=254"}],"curies":[{"name":"wp","href":"https:\/\/api.w.org\/{rel}","templated":true}]}}