{"id":49,"date":"2022-04-04T16:10:32","date_gmt":"2022-04-04T14:10:32","guid":{"rendered":"http:\/\/www.eqoot.com\/?page_id=49"},"modified":"2025-12-19T15:45:49","modified_gmt":"2025-12-19T14:45:49","slug":"qui-sommes-nous","status":"publish","type":"page","link":"https:\/\/www.eqoot.com\/index.php\/qui-sommes-nous\/","title":{"rendered":"Qui sommes nous"},"content":{"rendered":"<p><b>EQOOT<\/b> est une toute jeune entreprise<\/p>\n<p style=\"font-variant-caps: normal; font-family: Roboto, sans-serif; font-size: 14px; font-style: normal;\">Apr\u00e8s 4 ans pass\u00e9 dans une\u00a0<b style=\"font-size: 14px;\">start up innovante<\/b>\u00a0touchant \u00e0 de nombreux domaines ( textile, \u00e9lectronique, m\u00e9dicale, plasturgie, impression 3D, injection, m\u00e9canique, r\u00e9alisation de banc de test )<\/p>\n<p style=\"font-variant-caps: normal; font-family: Roboto, sans-serif; font-size: 14px; font-style: normal;\">\u00a0Parti d\u2019un constat simple que de nombreuses soci\u00e9t\u00e9s n\u2019ont pas la capacit\u00e9 financi\u00e8re et le temps de cr\u00e9er un bureau de recherche et d\u00e9veloppement.<\/p>\n<p style=\"font-variant-caps: normal; font-family: Roboto, sans-serif; font-size: 14px; font-style: normal;\">Cependant elles ont toujours une id\u00e9e ou plusieurs id\u00e9es afin d\u2019am\u00e9liorer leurs produits, leurs process, leurs designs, leur production, la solution d\u2019un bureau d\u2019\u00e9tude est apparue comme une \u00e9vidence pour favoriser les innovations.<\/p>\n<p><img loading=\"lazy\" src=\"http:\/\/www.eqoot.com\/wp-content\/uploads\/2022\/12\/jeune-pouce-02.jpg\" sizes=\"(max-width: 300px) 100vw, 300px\" srcset=\"http:\/\/www.eqoot.com\/wp-content\/uploads\/2022\/12\/jeune-pouce-02.jpg 300w, http:\/\/www.eqoot.com\/wp-content\/uploads\/2022\/12\/jeune-pouce-02-215x300.jpg 215w\" alt=\"\" width=\"300\" height=\"418\" \/><\/p>\n<p><b style=\"font-size: 14px; color: var( --e-global-color-text );\">EQOOT<\/b> est l\u00e0 pour permettre aux entreprises de concr\u00e9tiser leurs id\u00e9es en leur fournissant une analyse de la situation th\u00e9orique et fonctionnelle. Des solutions sont fournies en s\u2019appuyant sur des \u00e9tudes bibliographiques,\u00a0 des \u00e9tudes de l\u2019existant sur \u00e9tag\u00e8re ou g\u00e9n\u00e9rant \u00e0 peu de frais une adaptation du commerce.<\/p>\n<p>Fort de l\u2019exp\u00e9rience<b> start up<\/b>, la mise en place de nombreuses preuves de concept ont \u00e9t\u00e9 r\u00e9alis\u00e9es dans les domaines mentionn\u00e9s ci dessus (Automatisation de couture avec des \u00e9l\u00e9ments <strong>\u00e9lectronique<\/strong>, am\u00e9lioration de <strong>fils technique<\/strong>,\u00a0 process d<strong>&#8216;enrobage<\/strong> \u00e9lectronique sur <strong>silicone<\/strong> &#8230; ).<\/p>\n<p>La culture d\u2019innovation et de remise en question des solutions existantes est au c\u0153ur de notre r\u00e9flexion afin de proposer des solutions nouvelles, et dans un budget raisonn\u00e9.<\/p>\n<p style=\"margin: 0cm 0cm 0.0001pt; font-size: 12pt; font-family: Calibri, sans-serif; color: #000000; font-style: normal; font-variant-ligatures: normal; font-variant-caps: normal; font-weight: 400;\">\n<p><img loading=\"lazy\" src=\"http:\/\/www.eqoot.com\/wp-content\/uploads\/2022\/04\/oimoi.bmp\" alt=\"\" width=\"300\" height=\"200\" \/><\/p>\n<h2><strong><b>Dumas Pascal<\/b><\/strong><\/h2>\n<p style=\"margin: 0cm 0cm 0.0001pt; font-size: 12pt; font-family: Calibri, sans-serif; font-style: normal; font-variant-ligatures: normal; font-variant-caps: normal; font-weight: 400;\">D\u00e9veloppeur informatique et administration syst\u00e8me de formation j\u2019ai pass\u00e9 la premi\u00e8re partie de ma vie active (15 ans) \u00e0 effectuer ces 2 activit\u00e9s. L\u2019opportunit\u00e9 d\u00a0\u2018adh\u00e9rer \u00e0 un projet innovant dans le domaine de la sant\u00e9 \u00a0s\u2019est pr\u00e9sent\u00e9e et je l\u2019ai saisie, ainsi j\u2019ai pu developper de nombreuses autres comp\u00e9tences dans le domaine de l\u2019\u00e9lectronique, de la m\u00e9canique, de la plasturgie, de l\u2019impression 3D etc \u2026 au sein d\u2019un service de recherche et d\u00e9veloppement.<\/p>\n<p style=\"margin: 0cm 0cm 0.0001pt; font-size: 12pt; font-family: Calibri, sans-serif; font-style: normal; font-variant-ligatures: normal; font-variant-caps: normal; font-weight: 400;\">Plongeur loisir depuis de tr\u00e8s nombreuses ann\u00e9es, j&#8217;ai ajout\u00e9 la mention scaphandrier classe 2B pour encore plus de polyvalence.<\/p>\n<p style=\"margin: 0cm 0cm 0.0001pt; font-size: 12pt; font-family: Calibri, sans-serif; font-style: normal; font-variant-ligatures: normal; font-variant-caps: normal; font-weight: 400;\">C\u2019est la curiosit\u00e9 et la soif de connaissance qui m\u2019ont permis et me permettent chaque jour d\u2019acqu\u00e9rir de nouvelles comp\u00e9tences.<\/p>\n","protected":false},"excerpt":{"rendered":"<p>EQOOT est une toute jeune entreprise Apr\u00e8s 4 ans pass\u00e9 dans une\u00a0start up innovante\u00a0touchant \u00e0 de nombreux domaines ( textile, \u00e9lectronique, m\u00e9dicale, plasturgie, impression 3D, injection, m\u00e9canique, r\u00e9alisation de banc de test ) \u00a0Parti d\u2019un constat simple que de nombreuses soci\u00e9t\u00e9s n\u2019ont pas la capacit\u00e9 financi\u00e8re et le temps de cr\u00e9er un bureau de recherche [&hellip;]<\/p>\n","protected":false},"author":1,"featured_media":0,"parent":0,"menu_order":0,"comment_status":"closed","ping_status":"closed","template":"","meta":[],"yoast_head":"<!-- This site is optimized with the Yoast SEO plugin v18.4.1 - https:\/\/yoast.com\/wordpress\/plugins\/seo\/ -->\n<title>Qui sommes nous - Eqoot<\/title>\n<meta name=\"robots\" content=\"index, follow, max-snippet:-1, max-image-preview:large, max-video-preview:-1\" \/>\n<link rel=\"canonical\" href=\"https:\/\/www.eqoot.com\/index.php\/qui-sommes-nous\/\" \/>\n<meta property=\"og:locale\" content=\"fr_FR\" \/>\n<meta property=\"og:type\" content=\"article\" \/>\n<meta property=\"og:title\" content=\"Qui sommes nous - Eqoot\" \/>\n<meta property=\"og:description\" content=\"EQOOT est une toute jeune entreprise Apr\u00e8s 4 ans pass\u00e9 dans une\u00a0start up innovante\u00a0touchant \u00e0 de nombreux domaines ( textile, \u00e9lectronique, m\u00e9dicale, plasturgie, impression 3D, injection, m\u00e9canique, r\u00e9alisation de banc de test ) \u00a0Parti d\u2019un constat simple que de nombreuses soci\u00e9t\u00e9s n\u2019ont pas la capacit\u00e9 financi\u00e8re et le temps de cr\u00e9er un bureau de recherche [&hellip;]\" \/>\n<meta property=\"og:url\" content=\"https:\/\/www.eqoot.com\/index.php\/qui-sommes-nous\/\" \/>\n<meta property=\"og:site_name\" content=\"Eqoot\" \/>\n<meta property=\"article:modified_time\" content=\"2025-12-19T14:45:49+00:00\" \/>\n<meta property=\"og:image\" content=\"http:\/\/www.eqoot.com\/wp-content\/uploads\/2022\/12\/jeune-pouce-02.jpg\" \/>\n<meta name=\"twitter:card\" content=\"summary_large_image\" \/>\n<meta name=\"twitter:label1\" content=\"Dur\u00e9e de lecture estim\u00e9e\" \/>\n\t<meta name=\"twitter:data1\" content=\"3 minutes\" \/>\n<script type=\"application\/ld+json\" class=\"yoast-schema-graph\">{\"@context\":\"https:\/\/schema.org\",\"@graph\":[{\"@type\":\"WebSite\",\"@id\":\"https:\/\/www.eqoot.com\/#website\",\"url\":\"https:\/\/www.eqoot.com\/\",\"name\":\"Eqoot\",\"description\":\"\",\"potentialAction\":[{\"@type\":\"SearchAction\",\"target\":{\"@type\":\"EntryPoint\",\"urlTemplate\":\"https:\/\/www.eqoot.com\/?s={search_term_string}\"},\"query-input\":\"required name=search_term_string\"}],\"inLanguage\":\"fr-FR\"},{\"@type\":\"ImageObject\",\"@id\":\"https:\/\/www.eqoot.com\/index.php\/qui-sommes-nous\/#primaryimage\",\"inLanguage\":\"fr-FR\",\"url\":\"https:\/\/www.eqoot.com\/wp-content\/uploads\/2022\/12\/jeune-pouce-02.jpg\",\"contentUrl\":\"https:\/\/www.eqoot.com\/wp-content\/uploads\/2022\/12\/jeune-pouce-02.jpg\",\"width\":300,\"height\":418},{\"@type\":\"WebPage\",\"@id\":\"https:\/\/www.eqoot.com\/index.php\/qui-sommes-nous\/#webpage\",\"url\":\"https:\/\/www.eqoot.com\/index.php\/qui-sommes-nous\/\",\"name\":\"Qui sommes nous - Eqoot\",\"isPartOf\":{\"@id\":\"https:\/\/www.eqoot.com\/#website\"},\"primaryImageOfPage\":{\"@id\":\"https:\/\/www.eqoot.com\/index.php\/qui-sommes-nous\/#primaryimage\"},\"datePublished\":\"2022-04-04T14:10:32+00:00\",\"dateModified\":\"2025-12-19T14:45:49+00:00\",\"breadcrumb\":{\"@id\":\"https:\/\/www.eqoot.com\/index.php\/qui-sommes-nous\/#breadcrumb\"},\"inLanguage\":\"fr-FR\",\"potentialAction\":[{\"@type\":\"ReadAction\",\"target\":[\"https:\/\/www.eqoot.com\/index.php\/qui-sommes-nous\/\"]}]},{\"@type\":\"BreadcrumbList\",\"@id\":\"https:\/\/www.eqoot.com\/index.php\/qui-sommes-nous\/#breadcrumb\",\"itemListElement\":[{\"@type\":\"ListItem\",\"position\":1,\"name\":\"Accueil\",\"item\":\"https:\/\/www.eqoot.com\/\"},{\"@type\":\"ListItem\",\"position\":2,\"name\":\"Qui sommes nous\"}]}]}<\/script>\n<!-- \/ Yoast SEO plugin. -->","yoast_head_json":{"title":"Qui sommes nous - Eqoot","robots":{"index":"index","follow":"follow","max-snippet":"max-snippet:-1","max-image-preview":"max-image-preview:large","max-video-preview":"max-video-preview:-1"},"canonical":"https:\/\/www.eqoot.com\/index.php\/qui-sommes-nous\/","og_locale":"fr_FR","og_type":"article","og_title":"Qui sommes nous - Eqoot","og_description":"EQOOT est une toute jeune entreprise Apr\u00e8s 4 ans pass\u00e9 dans une\u00a0start up innovante\u00a0touchant \u00e0 de nombreux domaines ( textile, \u00e9lectronique, m\u00e9dicale, plasturgie, impression 3D, injection, m\u00e9canique, r\u00e9alisation de banc de test ) \u00a0Parti d\u2019un constat simple que de nombreuses soci\u00e9t\u00e9s n\u2019ont pas la capacit\u00e9 financi\u00e8re et le temps de cr\u00e9er un bureau de recherche [&hellip;]","og_url":"https:\/\/www.eqoot.com\/index.php\/qui-sommes-nous\/","og_site_name":"Eqoot","article_modified_time":"2025-12-19T14:45:49+00:00","og_image":[{"url":"http:\/\/www.eqoot.com\/wp-content\/uploads\/2022\/12\/jeune-pouce-02.jpg"}],"twitter_card":"summary_large_image","twitter_misc":{"Dur\u00e9e de lecture estim\u00e9e":"3 minutes"},"schema":{"@context":"https:\/\/schema.org","@graph":[{"@type":"WebSite","@id":"https:\/\/www.eqoot.com\/#website","url":"https:\/\/www.eqoot.com\/","name":"Eqoot","description":"","potentialAction":[{"@type":"SearchAction","target":{"@type":"EntryPoint","urlTemplate":"https:\/\/www.eqoot.com\/?s={search_term_string}"},"query-input":"required name=search_term_string"}],"inLanguage":"fr-FR"},{"@type":"ImageObject","@id":"https:\/\/www.eqoot.com\/index.php\/qui-sommes-nous\/#primaryimage","inLanguage":"fr-FR","url":"https:\/\/www.eqoot.com\/wp-content\/uploads\/2022\/12\/jeune-pouce-02.jpg","contentUrl":"https:\/\/www.eqoot.com\/wp-content\/uploads\/2022\/12\/jeune-pouce-02.jpg","width":300,"height":418},{"@type":"WebPage","@id":"https:\/\/www.eqoot.com\/index.php\/qui-sommes-nous\/#webpage","url":"https:\/\/www.eqoot.com\/index.php\/qui-sommes-nous\/","name":"Qui sommes nous - Eqoot","isPartOf":{"@id":"https:\/\/www.eqoot.com\/#website"},"primaryImageOfPage":{"@id":"https:\/\/www.eqoot.com\/index.php\/qui-sommes-nous\/#primaryimage"},"datePublished":"2022-04-04T14:10:32+00:00","dateModified":"2025-12-19T14:45:49+00:00","breadcrumb":{"@id":"https:\/\/www.eqoot.com\/index.php\/qui-sommes-nous\/#breadcrumb"},"inLanguage":"fr-FR","potentialAction":[{"@type":"ReadAction","target":["https:\/\/www.eqoot.com\/index.php\/qui-sommes-nous\/"]}]},{"@type":"BreadcrumbList","@id":"https:\/\/www.eqoot.com\/index.php\/qui-sommes-nous\/#breadcrumb","itemListElement":[{"@type":"ListItem","position":1,"name":"Accueil","item":"https:\/\/www.eqoot.com\/"},{"@type":"ListItem","position":2,"name":"Qui sommes nous"}]}]}},"_links":{"self":[{"href":"https:\/\/www.eqoot.com\/index.php\/wp-json\/wp\/v2\/pages\/49"}],"collection":[{"href":"https:\/\/www.eqoot.com\/index.php\/wp-json\/wp\/v2\/pages"}],"about":[{"href":"https:\/\/www.eqoot.com\/index.php\/wp-json\/wp\/v2\/types\/page"}],"author":[{"embeddable":true,"href":"https:\/\/www.eqoot.com\/index.php\/wp-json\/wp\/v2\/users\/1"}],"replies":[{"embeddable":true,"href":"https:\/\/www.eqoot.com\/index.php\/wp-json\/wp\/v2\/comments?post=49"}],"version-history":[{"count":82,"href":"https:\/\/www.eqoot.com\/index.php\/wp-json\/wp\/v2\/pages\/49\/revisions"}],"predecessor-version":[{"id":570,"href":"https:\/\/www.eqoot.com\/index.php\/wp-json\/wp\/v2\/pages\/49\/revisions\/570"}],"wp:attachment":[{"href":"https:\/\/www.eqoot.com\/index.php\/wp-json\/wp\/v2\/media?parent=49"}],"curies":[{"name":"wp","href":"https:\/\/api.w.org\/{rel}","templated":true}]}}