{"id":5,"date":"2021-12-19T19:14:47","date_gmt":"2021-12-19T18:14:47","guid":{"rendered":"http:\/\/www.eqoot.com\/?page_id=5"},"modified":"2022-12-14T13:43:13","modified_gmt":"2022-12-14T12:43:13","slug":"en-construction","status":"publish","type":"page","link":"https:\/\/www.eqoot.com\/","title":{"rendered":"Accueil"},"content":{"rendered":"\t\t<div data-elementor-type=\"wp-page\" data-elementor-id=\"5\" class=\"elementor elementor-5\">\n\t\t\t\t\t\t\t\t\t<section class=\"elementor-section elementor-top-section elementor-element elementor-element-00fe694 elementor-section-boxed elementor-section-height-default elementor-section-height-default\" data-id=\"00fe694\" data-element_type=\"section\">\n\t\t\t\t\t\t<div class=\"elementor-container elementor-column-gap-default\">\n\t\t\t\t\t<div class=\"elementor-column elementor-col-100 elementor-top-column elementor-element elementor-element-43a63db\" data-id=\"43a63db\" data-element_type=\"column\">\n\t\t\t<div class=\"elementor-widget-wrap elementor-element-populated\">\n\t\t\t\t\t\t\t\t<div class=\"elementor-element elementor-element-f84db1b elementor-widget elementor-widget-text-editor\" data-id=\"f84db1b\" data-element_type=\"widget\" data-widget_type=\"text-editor.default\">\n\t\t\t\t<div class=\"elementor-widget-container\">\n\t\t\t<style>\/*! elementor - v3.6.1 - 23-03-2022 *\/\n.elementor-widget-text-editor.elementor-drop-cap-view-stacked .elementor-drop-cap{background-color:#818a91;color:#fff}.elementor-widget-text-editor.elementor-drop-cap-view-framed .elementor-drop-cap{color:#818a91;border:3px solid;background-color:transparent}.elementor-widget-text-editor:not(.elementor-drop-cap-view-default) .elementor-drop-cap{margin-top:8px}.elementor-widget-text-editor:not(.elementor-drop-cap-view-default) .elementor-drop-cap-letter{width:1em;height:1em}.elementor-widget-text-editor .elementor-drop-cap{float:left;text-align:center;line-height:1;font-size:50px}.elementor-widget-text-editor .elementor-drop-cap-letter{display:inline-block}<\/style>\t\t\t\t<p>Bureau d&#8217;\u00e9tude en ing\u00e9nierie m\u00e9canique \u00e9lectronique et informatique<\/p>\t\t\t\t\t\t<\/div>\n\t\t\t\t<\/div>\n\t\t\t\t\t<\/div>\n\t\t<\/div>\n\t\t\t\t\t\t\t<\/div>\n\t\t<\/section>\n\t\t\t\t<section class=\"elementor-section elementor-top-section elementor-element elementor-element-72a1da71 elementor-section-boxed elementor-section-height-default elementor-section-height-default\" data-id=\"72a1da71\" data-element_type=\"section\">\n\t\t\t\t\t\t<div class=\"elementor-container elementor-column-gap-default\">\n\t\t\t\t\t<div class=\"elementor-column elementor-col-100 elementor-top-column elementor-element elementor-element-1af4d4db\" data-id=\"1af4d4db\" data-element_type=\"column\">\n\t\t\t<div class=\"elementor-widget-wrap elementor-element-populated\">\n\t\t\t\t\t\t\t\t<div class=\"elementor-element elementor-element-5f8ce257 elementor-widget elementor-widget-text-editor\" data-id=\"5f8ce257\" data-element_type=\"widget\" data-widget_type=\"text-editor.default\">\n\t\t\t\t<div class=\"elementor-widget-container\">\n\t\t\t\t\t\t\t<p><!-- wp:paragraph --><\/p>\n<p>Un projet une id\u00e9e !!!!! Ensemble, \u00a0nous allons lui donner vie !<\/p>\n<p><!-- \/wp:paragraph --><\/p>\t\t\t\t\t\t<\/div>\n\t\t\t\t<\/div>\n\t\t\t\t\t<\/div>\n\t\t<\/div>\n\t\t\t\t\t\t\t<\/div>\n\t\t<\/section>\n\t\t\t\t<section class=\"elementor-section elementor-top-section elementor-element elementor-element-abfde30 elementor-section-boxed elementor-section-height-default elementor-section-height-default\" data-id=\"abfde30\" data-element_type=\"section\">\n\t\t\t\t\t\t<div class=\"elementor-container elementor-column-gap-default\">\n\t\t\t\t\t<div class=\"elementor-column elementor-col-100 elementor-top-column elementor-element elementor-element-220ba5e\" data-id=\"220ba5e\" data-element_type=\"column\">\n\t\t\t<div class=\"elementor-widget-wrap elementor-element-populated\">\n\t\t\t\t\t\t\t\t<div class=\"elementor-element elementor-element-cf8b7d5 elementor-widget elementor-widget-image\" data-id=\"cf8b7d5\" data-element_type=\"widget\" data-widget_type=\"image.default\">\n\t\t\t\t<div class=\"elementor-widget-container\">\n\t\t\t<style>\/*! elementor - v3.6.1 - 23-03-2022 *\/\n.elementor-widget-image{text-align:center}.elementor-widget-image a{display:inline-block}.elementor-widget-image a img[src$=\".svg\"]{width:48px}.elementor-widget-image img{vertical-align:middle;display:inline-block}<\/style>\t\t\t\t\t\t\t\t\t\t\t\t<img src=\"https:\/\/www.eqoot.com\/wp-content\/uploads\/2022\/04\/equation-eqoot-2022-04-08-1424.png\" title=\"equation eqoot 2022-04-08-1424\" alt=\"equation eqoot 2022-04-08-1424\" \/>\t\t\t\t\t\t\t\t\t\t\t\t\t\t\t<\/div>\n\t\t\t\t<\/div>\n\t\t\t\t\t<\/div>\n\t\t<\/div>\n\t\t\t\t\t\t\t<\/div>\n\t\t<\/section>\n\t\t\t\t<section class=\"elementor-section elementor-top-section elementor-element elementor-element-00e20a1 elementor-section-boxed elementor-section-height-default elementor-section-height-default\" data-id=\"00e20a1\" data-element_type=\"section\">\n\t\t\t\t\t\t<div class=\"elementor-container elementor-column-gap-default\">\n\t\t\t\t\t<div class=\"elementor-column elementor-col-100 elementor-top-column elementor-element elementor-element-df1bae3\" data-id=\"df1bae3\" data-element_type=\"column\">\n\t\t\t<div class=\"elementor-widget-wrap elementor-element-populated\">\n\t\t\t\t\t\t\t\t<div class=\"elementor-element elementor-element-89df02a elementor-widget elementor-widget-spacer\" data-id=\"89df02a\" data-element_type=\"widget\" data-widget_type=\"spacer.default\">\n\t\t\t\t<div class=\"elementor-widget-container\">\n\t\t\t<style>\/*! elementor - v3.6.1 - 23-03-2022 *\/\n.e-container.e-container--row .elementor-spacer-inner{width:var(--spacer-size)}.e-container.e-container--column .elementor-spacer-inner,.elementor-column .elementor-spacer-inner{height:var(--spacer-size)}<\/style>\t\t<div class=\"elementor-spacer\">\n\t\t\t<div class=\"elementor-spacer-inner\"><\/div>\n\t\t<\/div>\n\t\t\t\t<\/div>\n\t\t\t\t<\/div>\n\t\t\t\t\t<\/div>\n\t\t<\/div>\n\t\t\t\t\t\t\t<\/div>\n\t\t<\/section>\n\t\t\t\t\t\t\t<\/div>\n\t\t","protected":false},"excerpt":{"rendered":"<p>Bureau d&#8217;\u00e9tude en ing\u00e9nierie m\u00e9canique \u00e9lectronique et informatique Un projet une id\u00e9e !!!!! Ensemble, \u00a0nous allons lui donner vie !<\/p>\n","protected":false},"author":1,"featured_media":0,"parent":0,"menu_order":0,"comment_status":"closed","ping_status":"closed","template":"","meta":[],"yoast_head":"<!-- This site is optimized with the Yoast SEO plugin v18.4.1 - https:\/\/yoast.com\/wordpress\/plugins\/seo\/ -->\n<title>Accueil - Eqoot<\/title>\n<meta name=\"robots\" content=\"index, follow, max-snippet:-1, max-image-preview:large, max-video-preview:-1\" \/>\n<link rel=\"canonical\" href=\"https:\/\/www.eqoot.com\/\" \/>\n<meta property=\"og:locale\" content=\"fr_FR\" \/>\n<meta property=\"og:type\" content=\"article\" \/>\n<meta property=\"og:title\" content=\"Accueil - Eqoot\" \/>\n<meta property=\"og:description\" content=\"Bureau d&#8217;\u00e9tude en ing\u00e9nierie m\u00e9canique \u00e9lectronique et informatique Un projet une id\u00e9e !!!!! Ensemble, \u00a0nous allons lui donner vie !\" \/>\n<meta property=\"og:url\" content=\"https:\/\/www.eqoot.com\/\" \/>\n<meta property=\"og:site_name\" content=\"Eqoot\" \/>\n<meta property=\"article:modified_time\" content=\"2022-12-14T12:43:13+00:00\" \/>\n<meta property=\"og:image\" content=\"http:\/\/www.eqoot.com\/wp-content\/uploads\/elementor\/thumbs\/equation-eqoot-2022-04-08-1424-pn2aa1dfejg6kno2x6ujpgln704x6np07ol02wabcw.png\" \/>\n<meta name=\"twitter:card\" content=\"summary_large_image\" \/>\n<meta name=\"twitter:label1\" content=\"Dur\u00e9e de lecture estim\u00e9e\" \/>\n\t<meta name=\"twitter:data1\" content=\"1 minute\" \/>\n<script type=\"application\/ld+json\" class=\"yoast-schema-graph\">{\"@context\":\"https:\/\/schema.org\",\"@graph\":[{\"@type\":\"WebSite\",\"@id\":\"https:\/\/www.eqoot.com\/#website\",\"url\":\"https:\/\/www.eqoot.com\/\",\"name\":\"Eqoot\",\"description\":\"\",\"potentialAction\":[{\"@type\":\"SearchAction\",\"target\":{\"@type\":\"EntryPoint\",\"urlTemplate\":\"https:\/\/www.eqoot.com\/?s={search_term_string}\"},\"query-input\":\"required name=search_term_string\"}],\"inLanguage\":\"fr-FR\"},{\"@type\":\"ImageObject\",\"@id\":\"https:\/\/www.eqoot.com\/#primaryimage\",\"inLanguage\":\"fr-FR\",\"url\":\"http:\/\/www.eqoot.com\/wp-content\/uploads\/elementor\/thumbs\/equation-eqoot-2022-04-08-1424-pn2aa1dfejg6kno2x6ujpgln704x6np07ol02wabcw.png\",\"contentUrl\":\"http:\/\/www.eqoot.com\/wp-content\/uploads\/elementor\/thumbs\/equation-eqoot-2022-04-08-1424-pn2aa1dfejg6kno2x6ujpgln704x6np07ol02wabcw.png\"},{\"@type\":\"WebPage\",\"@id\":\"https:\/\/www.eqoot.com\/#webpage\",\"url\":\"https:\/\/www.eqoot.com\/\",\"name\":\"Accueil - Eqoot\",\"isPartOf\":{\"@id\":\"https:\/\/www.eqoot.com\/#website\"},\"primaryImageOfPage\":{\"@id\":\"https:\/\/www.eqoot.com\/#primaryimage\"},\"datePublished\":\"2021-12-19T18:14:47+00:00\",\"dateModified\":\"2022-12-14T12:43:13+00:00\",\"breadcrumb\":{\"@id\":\"https:\/\/www.eqoot.com\/#breadcrumb\"},\"inLanguage\":\"fr-FR\",\"potentialAction\":[{\"@type\":\"ReadAction\",\"target\":[\"https:\/\/www.eqoot.com\/\"]}]},{\"@type\":\"BreadcrumbList\",\"@id\":\"https:\/\/www.eqoot.com\/#breadcrumb\",\"itemListElement\":[{\"@type\":\"ListItem\",\"position\":1,\"name\":\"Accueil\",\"item\":\"https:\/\/www.eqoot.com\/\"},{\"@type\":\"ListItem\",\"position\":2,\"name\":\"Accueil\"}]}]}<\/script>\n<!-- \/ Yoast SEO plugin. -->","yoast_head_json":{"title":"Accueil - Eqoot","robots":{"index":"index","follow":"follow","max-snippet":"max-snippet:-1","max-image-preview":"max-image-preview:large","max-video-preview":"max-video-preview:-1"},"canonical":"https:\/\/www.eqoot.com\/","og_locale":"fr_FR","og_type":"article","og_title":"Accueil - Eqoot","og_description":"Bureau d&#8217;\u00e9tude en ing\u00e9nierie m\u00e9canique \u00e9lectronique et informatique Un projet une id\u00e9e !!!!! Ensemble, \u00a0nous allons lui donner vie !","og_url":"https:\/\/www.eqoot.com\/","og_site_name":"Eqoot","article_modified_time":"2022-12-14T12:43:13+00:00","og_image":[{"url":"http:\/\/www.eqoot.com\/wp-content\/uploads\/elementor\/thumbs\/equation-eqoot-2022-04-08-1424-pn2aa1dfejg6kno2x6ujpgln704x6np07ol02wabcw.png"}],"twitter_card":"summary_large_image","twitter_misc":{"Dur\u00e9e de lecture estim\u00e9e":"1 minute"},"schema":{"@context":"https:\/\/schema.org","@graph":[{"@type":"WebSite","@id":"https:\/\/www.eqoot.com\/#website","url":"https:\/\/www.eqoot.com\/","name":"Eqoot","description":"","potentialAction":[{"@type":"SearchAction","target":{"@type":"EntryPoint","urlTemplate":"https:\/\/www.eqoot.com\/?s={search_term_string}"},"query-input":"required name=search_term_string"}],"inLanguage":"fr-FR"},{"@type":"ImageObject","@id":"https:\/\/www.eqoot.com\/#primaryimage","inLanguage":"fr-FR","url":"http:\/\/www.eqoot.com\/wp-content\/uploads\/elementor\/thumbs\/equation-eqoot-2022-04-08-1424-pn2aa1dfejg6kno2x6ujpgln704x6np07ol02wabcw.png","contentUrl":"http:\/\/www.eqoot.com\/wp-content\/uploads\/elementor\/thumbs\/equation-eqoot-2022-04-08-1424-pn2aa1dfejg6kno2x6ujpgln704x6np07ol02wabcw.png"},{"@type":"WebPage","@id":"https:\/\/www.eqoot.com\/#webpage","url":"https:\/\/www.eqoot.com\/","name":"Accueil - Eqoot","isPartOf":{"@id":"https:\/\/www.eqoot.com\/#website"},"primaryImageOfPage":{"@id":"https:\/\/www.eqoot.com\/#primaryimage"},"datePublished":"2021-12-19T18:14:47+00:00","dateModified":"2022-12-14T12:43:13+00:00","breadcrumb":{"@id":"https:\/\/www.eqoot.com\/#breadcrumb"},"inLanguage":"fr-FR","potentialAction":[{"@type":"ReadAction","target":["https:\/\/www.eqoot.com\/"]}]},{"@type":"BreadcrumbList","@id":"https:\/\/www.eqoot.com\/#breadcrumb","itemListElement":[{"@type":"ListItem","position":1,"name":"Accueil","item":"https:\/\/www.eqoot.com\/"},{"@type":"ListItem","position":2,"name":"Accueil"}]}]}},"_links":{"self":[{"href":"https:\/\/www.eqoot.com\/index.php\/wp-json\/wp\/v2\/pages\/5"}],"collection":[{"href":"https:\/\/www.eqoot.com\/index.php\/wp-json\/wp\/v2\/pages"}],"about":[{"href":"https:\/\/www.eqoot.com\/index.php\/wp-json\/wp\/v2\/types\/page"}],"author":[{"embeddable":true,"href":"https:\/\/www.eqoot.com\/index.php\/wp-json\/wp\/v2\/users\/1"}],"replies":[{"embeddable":true,"href":"https:\/\/www.eqoot.com\/index.php\/wp-json\/wp\/v2\/comments?post=5"}],"version-history":[{"count":55,"href":"https:\/\/www.eqoot.com\/index.php\/wp-json\/wp\/v2\/pages\/5\/revisions"}],"predecessor-version":[{"id":485,"href":"https:\/\/www.eqoot.com\/index.php\/wp-json\/wp\/v2\/pages\/5\/revisions\/485"}],"wp:attachment":[{"href":"https:\/\/www.eqoot.com\/index.php\/wp-json\/wp\/v2\/media?parent=5"}],"curies":[{"name":"wp","href":"https:\/\/api.w.org\/{rel}","templated":true}]}}